{"id":7,"date":"2022-03-17T10:49:34","date_gmt":"2022-03-17T09:49:34","guid":{"rendered":"https:\/\/www.nottergardens.ch\/?page_id=7"},"modified":"2022-04-28T14:49:49","modified_gmt":"2022-04-28T13:49:49","slug":"ueber-uns","status":"publish","type":"page","link":"https:\/\/www.nottergardens.ch\/index.php\/ueber-uns\/","title":{"rendered":"\u00dcber uns"},"content":{"rendered":"\t\t<div data-elementor-type=\"wp-page\" data-elementor-id=\"7\" class=\"elementor elementor-7\">\n\t\t\t\t\t\t<section class=\"elementor-section elementor-top-section elementor-element elementor-element-131fbac8 elementor-section-height-min-height envato-kit-15-background-fix elementor-section-boxed elementor-section-height-default elementor-section-items-middle\" data-id=\"131fbac8\" data-element_type=\"section\" data-e-type=\"section\" data-settings=\"{&quot;background_background&quot;:&quot;classic&quot;}\">\n\t\t\t\t\t\t\t<div class=\"elementor-background-overlay\"><\/div>\n\t\t\t\t\t\t\t<div class=\"elementor-container elementor-column-gap-default\">\n\t\t\t\t\t<div class=\"elementor-column elementor-col-100 elementor-top-column elementor-element elementor-element-147abb2d elementor-invisible\" data-id=\"147abb2d\" data-element_type=\"column\" data-e-type=\"column\" data-settings=\"{&quot;animation&quot;:&quot;fadeInUp&quot;}\">\n\t\t\t<div class=\"elementor-widget-wrap elementor-element-populated\">\n\t\t\t\t\t\t<div class=\"elementor-element elementor-element-5fcac140 elementor-widget elementor-widget-heading\" data-id=\"5fcac140\" data-element_type=\"widget\" data-e-type=\"widget\" data-widget_type=\"heading.default\">\n\t\t\t\t<div class=\"elementor-widget-container\">\n\t\t\t\t\t<h2 class=\"elementor-heading-title elementor-size-default\">Notter Gardens GmbH<\/h2>\t\t\t\t<\/div>\n\t\t\t\t<\/div>\n\t\t\t\t<div class=\"elementor-element elementor-element-efbaad4 elementor-widget elementor-widget-heading\" data-id=\"efbaad4\" data-element_type=\"widget\" data-e-type=\"widget\" data-widget_type=\"heading.default\">\n\t\t\t\t<div class=\"elementor-widget-container\">\n\t\t\t\t\t<h2 class=\"elementor-heading-title elementor-size-default\"><b>\u00dcber uns<\/b><\/h2>\t\t\t\t<\/div>\n\t\t\t\t<\/div>\n\t\t\t\t<div class=\"elementor-element elementor-element-2890b862 elementor-align-center elementor-widget elementor-widget-button\" data-id=\"2890b862\" data-element_type=\"widget\" data-e-type=\"widget\" data-widget_type=\"button.default\">\n\t\t\t\t<div class=\"elementor-widget-container\">\n\t\t\t\t\t\t\t\t\t<div class=\"elementor-button-wrapper\">\n\t\t\t\t\t<a class=\"elementor-button elementor-button-link elementor-size-lg\" href=\"https:\/\/www.nottergardens.ch\/index.php\/kontakt\/\">\n\t\t\t\t\t\t<span class=\"elementor-button-content-wrapper\">\n\t\t\t\t\t\t\t\t\t<span class=\"elementor-button-text\">Kontakt<\/span>\n\t\t\t\t\t<\/span>\n\t\t\t\t\t<\/a>\n\t\t\t\t<\/div>\n\t\t\t\t\t\t\t\t<\/div>\n\t\t\t\t<\/div>\n\t\t\t\t\t<\/div>\n\t\t<\/div>\n\t\t\t\t\t<\/div>\n\t\t<\/section>\n\t\t\t\t<section class=\"elementor-section elementor-top-section elementor-element elementor-element-39abf774 elementor-section-boxed elementor-section-height-default elementor-section-height-default\" data-id=\"39abf774\" data-element_type=\"section\" data-e-type=\"section\">\n\t\t\t\t\t\t<div class=\"elementor-container elementor-column-gap-default\">\n\t\t\t\t\t<div class=\"elementor-column elementor-col-50 elementor-top-column elementor-element elementor-element-24be7298 elementor-invisible\" data-id=\"24be7298\" data-element_type=\"column\" data-e-type=\"column\" data-settings=\"{&quot;animation&quot;:&quot;fadeInUp&quot;}\">\n\t\t\t<div class=\"elementor-widget-wrap elementor-element-populated\">\n\t\t\t\t\t\t<div class=\"elementor-element elementor-element-0eceb97 elementor-widget elementor-widget-spacer\" data-id=\"0eceb97\" data-element_type=\"widget\" data-e-type=\"widget\" data-widget_type=\"spacer.default\">\n\t\t\t\t<div class=\"elementor-widget-container\">\n\t\t\t\t\t\t\t<div class=\"elementor-spacer\">\n\t\t\t<div class=\"elementor-spacer-inner\"><\/div>\n\t\t<\/div>\n\t\t\t\t\t\t<\/div>\n\t\t\t\t<\/div>\n\t\t\t\t<div class=\"elementor-element elementor-element-cfd1d41 elementor-widget elementor-widget-heading\" data-id=\"cfd1d41\" data-element_type=\"widget\" data-e-type=\"widget\" data-widget_type=\"heading.default\">\n\t\t\t\t<div class=\"elementor-widget-container\">\n\t\t\t\t\t<h2 class=\"elementor-heading-title elementor-size-default\">Die Pflege von Gartenbonsais - gelernt von japanischen Meistern<\/h2>\t\t\t\t<\/div>\n\t\t\t\t<\/div>\n\t\t\t\t<div class=\"elementor-element elementor-element-55e9c9fd elementor-widget elementor-widget-text-editor\" data-id=\"55e9c9fd\" data-element_type=\"widget\" data-e-type=\"widget\" data-widget_type=\"text-editor.default\">\n\t\t\t\t<div class=\"elementor-widget-container\">\n\t\t\t\t\t\t\t\t\t<p>Notter Gardens\u00a0in\u00a0Boswil\u00a0ist Spezialist f\u00fcr die Pflege von\u00a0Bonsais\u00a0und f\u00fcr die Pflege von\u00a0japanischen G\u00e4rten.\u00a0Thomas Notter\u00a0gr\u00fcndete das neue Unternehmen im Jahr 2011. Seit der Spezialisierung auf die fern\u00f6stliche Gartenkunst ist er in der ganzen\u00a0Schweiz\u00a0und\u00a0Europa\u00a0unterwegs.<\/p><p>Bonsai\u00a0ist eine alte\u00a0Gartenkunst\u00a0aus dem Fernosten, bei welchem\u00a0Str\u00e4ucher und B\u00e4ume\u00a0in kleineren Gef\u00e4ssen gezogen werden und \u00e4sthetisch geformt werden. Sie ben\u00f6tigen regelm\u00e4ssige Pflege.<\/p><p>Thomas Notter\u00a0erlernte das Handwerk bei japanischen Meistern.\u00a0Er wirkte in\u00a0G\u00e4rten\u00a0wie\u00a0bspw.\u00a0dem weltber\u00fchmten\u00a0japanischen\u00a0Garten Takasago-an\u00a0von\u00a0Daizo Iwasaki\u00a0mit. Dutzende\u00a0Gartenbonsais\u00a0pflegte\u00a0Notter Gardens\u00a0seit der Gr\u00fcndung gesund. Durch unser gutes Beziehungsnetzwerk zu japanischen Produzenten bieten wir hochwertige\u00a0Bonsais\u00a0an.<\/p>\t\t\t\t\t\t\t\t<\/div>\n\t\t\t\t<\/div>\n\t\t\t\t\t<\/div>\n\t\t<\/div>\n\t\t\t\t<div class=\"elementor-column elementor-col-50 elementor-top-column elementor-element elementor-element-ea0e10e\" data-id=\"ea0e10e\" data-element_type=\"column\" data-e-type=\"column\">\n\t\t\t<div class=\"elementor-widget-wrap elementor-element-populated\">\n\t\t\t\t\t\t<div class=\"elementor-element elementor-element-76de739 elementor-widget elementor-widget-image\" data-id=\"76de739\" data-element_type=\"widget\" data-e-type=\"widget\" data-widget_type=\"image.default\">\n\t\t\t\t<div class=\"elementor-widget-container\">\n\t\t\t\t\t\t\t\t\t\t\t\t\t\t\t<img fetchpriority=\"high\" decoding=\"async\" width=\"768\" height=\"1062\" src=\"https:\/\/www.nottergardens.ch\/wp-content\/uploads\/2022\/03\/IMG_3926-768x1062.jpg\" class=\"attachment-medium_large size-medium_large wp-image-165\" alt=\"\" srcset=\"https:\/\/www.nottergardens.ch\/wp-content\/uploads\/2022\/03\/IMG_3926-768x1062.jpg 768w, https:\/\/www.nottergardens.ch\/wp-content\/uploads\/2022\/03\/IMG_3926-217x300.jpg 217w, https:\/\/www.nottergardens.ch\/wp-content\/uploads\/2022\/03\/IMG_3926-740x1024.jpg 740w, https:\/\/www.nottergardens.ch\/wp-content\/uploads\/2022\/03\/IMG_3926.jpg 947w\" sizes=\"(max-width: 768px) 100vw, 768px\" \/>\t\t\t\t\t\t\t\t\t\t\t\t\t\t\t<\/div>\n\t\t\t\t<\/div>\n\t\t\t\t\t<\/div>\n\t\t<\/div>\n\t\t\t\t\t<\/div>\n\t\t<\/section>\n\t\t\t\t<section class=\"elementor-section elementor-top-section elementor-element elementor-element-d0bfc2 elementor-section-full_width envato-kit-15-background-fix elementor-section-height-default elementor-section-height-default\" data-id=\"d0bfc2\" data-element_type=\"section\" data-e-type=\"section\" data-settings=\"{&quot;background_background&quot;:&quot;classic&quot;}\">\n\t\t\t\t\t\t\t<div class=\"elementor-background-overlay\"><\/div>\n\t\t\t\t\t\t\t<div class=\"elementor-container elementor-column-gap-default\">\n\t\t\t\t\t<div class=\"elementor-column elementor-col-100 elementor-top-column elementor-element elementor-element-23edfc5b\" data-id=\"23edfc5b\" data-element_type=\"column\" data-e-type=\"column\">\n\t\t\t<div class=\"elementor-widget-wrap\">\n\t\t\t\t\t\t\t<\/div>\n\t\t<\/div>\n\t\t\t\t\t<\/div>\n\t\t<\/section>\n\t\t\t\t<\/div>\n\t\t","protected":false},"excerpt":{"rendered":"<p>Notter Gardens GmbH \u00dcber uns Kontakt Die Pflege von Gartenbonsais &#8211; gelernt von japanischen Meistern Notter Gardens\u00a0in\u00a0Boswil\u00a0ist Spezialist f\u00fcr die Pflege von\u00a0Bonsais\u00a0und f\u00fcr die Pflege von\u00a0japanischen G\u00e4rten.\u00a0Thomas Notter\u00a0gr\u00fcndete das neue Unternehmen im Jahr 2011. Seit der Spezialisierung auf die fern\u00f6stliche Gartenkunst ist er in der ganzen\u00a0Schweiz\u00a0und\u00a0Europa\u00a0unterwegs. Bonsai\u00a0ist eine alte\u00a0Gartenkunst\u00a0aus dem Fernosten, bei welchem\u00a0Str\u00e4ucher und B\u00e4ume\u00a0in [&hellip;]<\/p>\n","protected":false},"author":1,"featured_media":0,"parent":0,"menu_order":0,"comment_status":"closed","ping_status":"closed","template":"","meta":{"ocean_post_layout":"full-screen","ocean_both_sidebars_style":"","ocean_both_sidebars_content_width":0,"ocean_both_sidebars_sidebars_width":0,"ocean_sidebar":"0","ocean_second_sidebar":"0","ocean_disable_margins":"enable","ocean_add_body_class":"","ocean_shortcode_before_top_bar":"","ocean_shortcode_after_top_bar":"","ocean_shortcode_before_header":"","ocean_shortcode_after_header":"","ocean_has_shortcode":"","ocean_shortcode_after_title":"","ocean_shortcode_before_footer_widgets":"","ocean_shortcode_after_footer_widgets":"","ocean_shortcode_before_footer_bottom":"","ocean_shortcode_after_footer_bottom":"","ocean_display_top_bar":"default","ocean_display_header":"default","ocean_header_style":"","ocean_center_header_left_menu":"0","ocean_custom_header_template":"0","ocean_custom_logo":0,"ocean_custom_retina_logo":0,"ocean_custom_logo_max_width":0,"ocean_custom_logo_tablet_max_width":0,"ocean_custom_logo_mobile_max_width":0,"ocean_custom_logo_max_height":0,"ocean_custom_logo_tablet_max_height":0,"ocean_custom_logo_mobile_max_height":0,"ocean_header_custom_menu":"0","ocean_menu_typo_font_family":"0","ocean_menu_typo_font_subset":"","ocean_menu_typo_font_size":0,"ocean_menu_typo_font_size_tablet":0,"ocean_menu_typo_font_size_mobile":0,"ocean_menu_typo_font_size_unit":"px","ocean_menu_typo_font_weight":"","ocean_menu_typo_font_weight_tablet":"","ocean_menu_typo_font_weight_mobile":"","ocean_menu_typo_transform":"","ocean_menu_typo_transform_tablet":"","ocean_menu_typo_transform_mobile":"","ocean_menu_typo_line_height":0,"ocean_menu_typo_line_height_tablet":0,"ocean_menu_typo_line_height_mobile":0,"ocean_menu_typo_line_height_unit":"","ocean_menu_typo_spacing":0,"ocean_menu_typo_spacing_tablet":0,"ocean_menu_typo_spacing_mobile":0,"ocean_menu_typo_spacing_unit":"","ocean_menu_link_color":"","ocean_menu_link_color_hover":"","ocean_menu_link_color_active":"","ocean_menu_link_background":"","ocean_menu_link_hover_background":"","ocean_menu_link_active_background":"","ocean_menu_social_links_bg":"","ocean_menu_social_hover_links_bg":"","ocean_menu_social_links_color":"","ocean_menu_social_hover_links_color":"","ocean_disable_title":"on","ocean_disable_heading":"default","ocean_post_title":"","ocean_post_subheading":"","ocean_post_title_style":"","ocean_post_title_background_color":"","ocean_post_title_background":0,"ocean_post_title_bg_image_position":"","ocean_post_title_bg_image_attachment":"","ocean_post_title_bg_image_repeat":"","ocean_post_title_bg_image_size":"","ocean_post_title_height":0,"ocean_post_title_bg_overlay":0.5,"ocean_post_title_bg_overlay_color":"","ocean_disable_breadcrumbs":"default","ocean_breadcrumbs_color":"","ocean_breadcrumbs_separator_color":"","ocean_breadcrumbs_links_color":"","ocean_breadcrumbs_links_hover_color":"","ocean_display_footer_widgets":"default","ocean_display_footer_bottom":"default","ocean_custom_footer_template":"0","footnotes":""},"class_list":["post-7","page","type-page","status-publish","hentry","entry"],"_links":{"self":[{"href":"https:\/\/www.nottergardens.ch\/index.php\/wp-json\/wp\/v2\/pages\/7","targetHints":{"allow":["GET"]}}],"collection":[{"href":"https:\/\/www.nottergardens.ch\/index.php\/wp-json\/wp\/v2\/pages"}],"about":[{"href":"https:\/\/www.nottergardens.ch\/index.php\/wp-json\/wp\/v2\/types\/page"}],"author":[{"embeddable":true,"href":"https:\/\/www.nottergardens.ch\/index.php\/wp-json\/wp\/v2\/users\/1"}],"replies":[{"embeddable":true,"href":"https:\/\/www.nottergardens.ch\/index.php\/wp-json\/wp\/v2\/comments?post=7"}],"version-history":[{"count":17,"href":"https:\/\/www.nottergardens.ch\/index.php\/wp-json\/wp\/v2\/pages\/7\/revisions"}],"predecessor-version":[{"id":362,"href":"https:\/\/www.nottergardens.ch\/index.php\/wp-json\/wp\/v2\/pages\/7\/revisions\/362"}],"wp:attachment":[{"href":"https:\/\/www.nottergardens.ch\/index.php\/wp-json\/wp\/v2\/media?parent=7"}],"curies":[{"name":"wp","href":"https:\/\/api.w.org\/{rel}","templated":true}]}}